{"id":2,"date":"2020-11-03T17:51:45","date_gmt":"2020-11-03T17:51:45","guid":{"rendered":"https:\/\/www.kalei.cl\/?page_id=2"},"modified":"2020-12-18T00:17:21","modified_gmt":"2020-12-18T00:17:21","slug":"mapas_y_posters","status":"publish","type":"page","link":"https:\/\/www.kalei.cl\/?page_id=2","title":{"rendered":"Coleccionamos mapas, planos y material publicitario antiguo y los reimprimimos para que los puedas disfrutar"},"content":{"rendered":"\n<p>Todo lo que publicamos es fruto de largas investigaciones, cotejamientos, escaneos, transcripciones. Dentro de esos procesos nos encontramos con mucho material antiguo, como publicidades, planos, mapas y fotos. Y pensamos, \u00bfpor qu\u00e9 no publicar eso tambi\u00e9n?<\/p>\n\n\n\n<p>Imprimimos este material en alta calidad, de manera que valga la pena enmarcarlos. \u00a1Algunos son enormes!<\/p>\n\n\n\n<p>Tenemos cuatro categor\u00edas de reimpresiones:<\/p>\n\n\n\n<ol class=\"wp-block-list\"><li>Planos de Valpara\u00edso y Santiago, de entre 1790 y 1970<\/li><li>Mapamundis de entre 1600 y 2020<\/li><li>Publicidades de autos aparecidas en Chile, Argentina y USA entre 1910 y 1985<\/li><li>Publicidades en general aparecidas en Chile entre 1905 y 1980<\/li><\/ol>\n\n\n\n<h2 class=\"wp-block-heading\">Son muchas opciones. \u00a1De a poco iremos subi\u00e9ndolas todas!<\/h2>\n\n\n\n<div class=\"wp-block-image\"><figure class=\"aligncenter size-large\"><img loading=\"lazy\" decoding=\"async\" width=\"399\" height=\"399\" src=\"https:\/\/www.kalei.cl\/wp-content\/uploads\/2020\/12\/1875_promo_detalle3.jpg\" alt=\"\" class=\"wp-image-85\" srcset=\"https:\/\/www.kalei.cl\/wp-content\/uploads\/2020\/12\/1875_promo_detalle3.jpg 399w, https:\/\/www.kalei.cl\/wp-content\/uploads\/2020\/12\/1875_promo_detalle3-300x300.jpg 300w, https:\/\/www.kalei.cl\/wp-content\/uploads\/2020\/12\/1875_promo_detalle3-150x150.jpg 150w\" sizes=\"auto, (max-width: 399px) 100vw, 399px\" \/><figcaption><strong>Santiago 1875<\/strong><\/figcaption><\/figure><\/div>\n\n\n\n<div class=\"wp-block-image\"><figure class=\"aligncenter size-large is-resized\"><img loading=\"lazy\" decoding=\"async\" src=\"https:\/\/www.kalei.cl\/wp-content\/uploads\/2020\/12\/1915_stgo_stalucia_promogrande.jpg\" alt=\"\" class=\"wp-image-86\" width=\"503\" height=\"721\" srcset=\"https:\/\/www.kalei.cl\/wp-content\/uploads\/2020\/12\/1915_stgo_stalucia_promogrande.jpg 581w, https:\/\/www.kalei.cl\/wp-content\/uploads\/2020\/12\/1915_stgo_stalucia_promogrande-209x300.jpg 209w\" sizes=\"auto, (max-width: 503px) 100vw, 503px\" \/><figcaption><strong>Barrio centro (Santa Luc\u00eda) 1920, con gu\u00eda comercial<\/strong><\/figcaption><\/figure><\/div>\n\n\n\n<figure class=\"wp-block-image size-large is-resized\"><img loading=\"lazy\" decoding=\"async\" src=\"https:\/\/www.kalei.cl\/wp-content\/uploads\/2020\/12\/1920_sanlazaro_promogrande.jpg\" alt=\"\" class=\"wp-image-84\" width=\"486\" height=\"694\" srcset=\"https:\/\/www.kalei.cl\/wp-content\/uploads\/2020\/12\/1920_sanlazaro_promogrande.jpg 636w, https:\/\/www.kalei.cl\/wp-content\/uploads\/2020\/12\/1920_sanlazaro_promogrande-210x300.jpg 210w\" sizes=\"auto, (max-width: 486px) 100vw, 486px\" \/><figcaption><strong>Barrio San L\u00e1zaro (Rep\u00fablica) 1920 con gu\u00eda comercial<\/strong><\/figcaption><\/figure>\n\n\n\n<div class=\"wp-block-image\"><figure class=\"aligncenter size-large\"><img loading=\"lazy\" decoding=\"async\" width=\"370\" height=\"370\" src=\"https:\/\/www.kalei.cl\/wp-content\/uploads\/2020\/12\/1911_promomarco_centro_b.jpg\" alt=\"\" class=\"wp-image-83\" srcset=\"https:\/\/www.kalei.cl\/wp-content\/uploads\/2020\/12\/1911_promomarco_centro_b.jpg 370w, https:\/\/www.kalei.cl\/wp-content\/uploads\/2020\/12\/1911_promomarco_centro_b-300x300.jpg 300w, https:\/\/www.kalei.cl\/wp-content\/uploads\/2020\/12\/1911_promomarco_centro_b-150x150.jpg 150w\" sizes=\"auto, (max-width: 370px) 100vw, 370px\" \/><figcaption><strong>Santiago 1911 gigante<\/strong><\/figcaption><\/figure><\/div>\n","protected":false},"excerpt":{"rendered":"<p>Todo lo que publicamos es fruto de largas investigaciones, cotejamientos, escaneos, transcripciones. Dentro de esos procesos nos encontramos con mucho<\/p>\n<p><a href=\"https:\/\/www.kalei.cl\/?page_id=2\" class=\"more-link\">Seguir leyendo<span class=\"screen-reader-text\">Coleccionamos mapas, planos y material publicitario antiguo y los reimprimimos para que los puedas disfrutar<\/span><\/a><\/p>\n","protected":false},"author":1,"featured_media":0,"parent":0,"menu_order":0,"comment_status":"closed","ping_status":"closed","template":"","meta":{"footnotes":""},"class_list":["post-2","page","type-page","status-publish","hentry"],"_links":{"self":[{"href":"https:\/\/www.kalei.cl\/index.php?rest_route=\/wp\/v2\/pages\/2","targetHints":{"allow":["GET"]}}],"collection":[{"href":"https:\/\/www.kalei.cl\/index.php?rest_route=\/wp\/v2\/pages"}],"about":[{"href":"https:\/\/www.kalei.cl\/index.php?rest_route=\/wp\/v2\/types\/page"}],"author":[{"embeddable":true,"href":"https:\/\/www.kalei.cl\/index.php?rest_route=\/wp\/v2\/users\/1"}],"replies":[{"embeddable":true,"href":"https:\/\/www.kalei.cl\/index.php?rest_route=%2Fwp%2Fv2%2Fcomments&post=2"}],"version-history":[{"count":4,"href":"https:\/\/www.kalei.cl\/index.php?rest_route=\/wp\/v2\/pages\/2\/revisions"}],"predecessor-version":[{"id":88,"href":"https:\/\/www.kalei.cl\/index.php?rest_route=\/wp\/v2\/pages\/2\/revisions\/88"}],"wp:attachment":[{"href":"https:\/\/www.kalei.cl\/index.php?rest_route=%2Fwp%2Fv2%2Fmedia&parent=2"}],"curies":[{"name":"wp","href":"https:\/\/api.w.org\/{rel}","templated":true}]}}