{"id":6,"date":"2020-12-17T07:12:38","date_gmt":"2020-12-17T07:12:38","guid":{"rendered":"https:\/\/www.kalei.cl\/?page_id=6"},"modified":"2024-07-23T09:00:33","modified_gmt":"2024-07-23T09:00:33","slug":"kalei_novela_negra_detectivesca","status":"publish","type":"page","link":"https:\/\/www.kalei.cl\/","title":{"rendered":"Novela negra y detectivesca, libros bellos y asequibles"},"content":{"rendered":"\n<div class=\"wp-block-group alignwide\"><div class=\"wp-block-group__inner-container is-layout-flow wp-block-group-is-layout-flow\">\n<h2 class=\"wp-block-heading has-text-align-center\">Publicamos novela negra y detectivesca. Creemos en libros bellos y asequibles.<\/h2>\n<\/div><\/div>\n\n\n\n<div class=\"wp-block-columns alignwide is-layout-flex wp-container-core-columns-is-layout-9d6595d7 wp-block-columns-is-layout-flex\">\n<div class=\"wp-block-column is-vertically-aligned-top is-layout-flow wp-block-column-is-layout-flow\">\n<div class=\"wp-block-group alignfull\"><div class=\"wp-block-group__inner-container is-layout-flow wp-block-group-is-layout-flow\"><div class=\"wp-block-image is-resized is-style-default\">\n<figure class=\"aligncenter size-medium\"><a href=\"https:\/\/www.kalei.cl\/?p=121\"><img loading=\"lazy\" decoding=\"async\" width=\"208\" height=\"300\" src=\"https:\/\/www.kalei.cl\/wp-content\/uploads\/2024\/07\/kalei_rvergara_lupin_portada_muestra-208x300.jpg\" alt=\"\" class=\"wp-image-122\" srcset=\"https:\/\/www.kalei.cl\/wp-content\/uploads\/2024\/07\/kalei_rvergara_lupin_portada_muestra-208x300.jpg 208w, https:\/\/www.kalei.cl\/wp-content\/uploads\/2024\/07\/kalei_rvergara_lupin_portada_muestra.jpg 450w\" sizes=\"auto, (max-width: 208px) 100vw, 208px\" \/><\/a><\/figure>\n<\/div>\n\n\n<h3 class=\"wp-block-heading\">Ars\u00e8ne Lupin es chileno<br>Ren\u00e9 Vergara<\/h3>\n\n\n\n<p>Les vendi\u00f3 la Quinta Normal a unos turistas. A corredores de Bolsa les vendi\u00f3 una mina de platino que no estaba en ninguna parte. Se code\u00f3 con los poderosos de su \u00e9poca y los dej\u00f3 en rid\u00edculo a todos. Ocho episodios de la vida de Arturo Gonz\u00e1lez Olave, verdadero Ars\u00e8ne Lupin, que se hizo rico con los cuentos del t\u00edo y el robo elegante y jam\u00e1s pis\u00f3 la c\u00e1rcel.<\/p>\n\n\n\n<div class=\"wp-block-buttons is-content-justification-space-between is-layout-flex wp-container-core-buttons-is-layout-e1f24697 wp-block-buttons-is-layout-flex\">\n<div class=\"wp-block-button is-style-outline is-style-outline--1\"><a class=\"wp-block-button__link wp-element-button\" href=\"https:\/\/www.kalei.cl\/?p=121\">leer m\u00e1s<\/a><\/div>\n<\/div>\n\n\n\n<p><\/p>\n<\/div><\/div>\n\n\n\n<div class=\"wp-block-group\"><div class=\"wp-block-group__inner-container is-layout-flow wp-block-group-is-layout-flow\"><div class=\"wp-block-image is-resized is-style-default\">\n<figure class=\"aligncenter size-medium\"><a href=\"https:\/\/www.kalei.cl\/?p=31\"><img loading=\"lazy\" decoding=\"async\" width=\"197\" height=\"300\" src=\"https:\/\/www.kalei.cl\/wp-content\/uploads\/2020\/12\/jolly_portada_muestra_75-197x300.jpg\" alt=\"\" class=\"wp-image-34\" srcset=\"https:\/\/www.kalei.cl\/wp-content\/uploads\/2020\/12\/jolly_portada_muestra_75-197x300.jpg 197w, https:\/\/www.kalei.cl\/wp-content\/uploads\/2020\/12\/jolly_portada_muestra_75.jpg 232w\" sizes=\"auto, (max-width: 197px) 100vw, 197px\" \/><\/a><\/figure>\n<\/div>\n\n\n<h3 class=\"wp-block-heading\">Acelerante<br>F. S. del Solar<\/h3>\n\n\n\n<p>Al amanecer, el mar de Valpara\u00edso escupe el cad\u00e1ver sin cara de una mujer y Cohen, periodista, cubre el hallazgo. Le ha pasado tantas veces en su carrera y, sin embargo, esta vez no puede desprenderse de esa imagen que, de un modo que no logra descifrar, cuestiona su masculinidad y su vida adulta.<\/p>\n\n\n\n<div class=\"wp-block-button is-style-outline is-style-outline--2\"><a class=\"wp-block-button__link wp-element-button\" href=\"https:\/\/www.kalei.cl\/?p=31\">Leer m\u00e1s<\/a><\/div>\n<\/div><\/div>\n\n\n\n<div class=\"wp-block-group\"><div class=\"wp-block-group__inner-container is-layout-flow wp-block-group-is-layout-flow\"><div class=\"wp-block-image is-resized\">\n<figure class=\"aligncenter size-medium\"><a href=\"https:\/\/www.kalei.cl\/?p=54\"><img loading=\"lazy\" decoding=\"async\" width=\"194\" height=\"300\" src=\"https:\/\/www.kalei.cl\/wp-content\/uploads\/2020\/12\/kalei_gato_muestra_portada_60-194x300.jpg\" alt=\"\" class=\"wp-image-51\" srcset=\"https:\/\/www.kalei.cl\/wp-content\/uploads\/2020\/12\/kalei_gato_muestra_portada_60-194x300.jpg 194w, https:\/\/www.kalei.cl\/wp-content\/uploads\/2020\/12\/kalei_gato_muestra_portada_60.jpg 390w\" sizes=\"auto, (max-width: 194px) 100vw, 194px\" \/><\/a><\/figure>\n<\/div>\n\n\n<h3 class=\"wp-block-heading\">Qu\u00e9 sombra m\u00e1s larga tiene este gato<br>Ren\u00e9 Vergara<\/h3>\n\n\n\n<p>Un viudo confundido, detectives recorriendo la ciudad, un jinete alcoh\u00f3lico con un golpe de suerte y un ladr\u00f3n aterrorizado por la cercan\u00eda de la polic\u00eda dan forma a esta novela que hace un retrato transversal de las clases sociales del Santiago de los a\u00f1os 1960.<\/p>\n\n\n\n<div class=\"wp-block-button is-style-outline is-style-outline--3\"><a class=\"wp-block-button__link wp-element-button\" href=\"https:\/\/www.kalei.cl\/?p=54\">Leer m\u00e1s<\/a><\/div>\n<\/div><\/div>\n<\/div>\n\n\n\n<div class=\"wp-block-column is-layout-flow wp-block-column-is-layout-flow\">\n<div class=\"wp-block-group\"><div class=\"wp-block-group__inner-container is-layout-flow wp-block-group-is-layout-flow\"><div class=\"wp-block-image is-resized\">\n<figure class=\"aligncenter size-medium\"><a href=\"https:\/\/www.kalei.cl\/?p=124\"><img loading=\"lazy\" decoding=\"async\" width=\"207\" height=\"300\" src=\"https:\/\/www.kalei.cl\/wp-content\/uploads\/2024\/07\/kalei_akgreen_venganza_portada_muestra-207x300.jpg\" alt=\"\" class=\"wp-image-125\" srcset=\"https:\/\/www.kalei.cl\/wp-content\/uploads\/2024\/07\/kalei_akgreen_venganza_portada_muestra-207x300.jpg 207w, https:\/\/www.kalei.cl\/wp-content\/uploads\/2024\/07\/kalei_akgreen_venganza_portada_muestra.jpg 447w\" sizes=\"auto, (max-width: 207px) 100vw, 207px\" \/><\/a><\/figure>\n<\/div>\n\n\n<h3 class=\"wp-block-heading\">La venganza circular<br>Anna K. Green<\/h3>\n\n\n\n<p>Anna Katharine Green (1846-1935), la \u00abmadre de la ficci\u00f3n detectivesca\u00bb, se anticip\u00f3 al g\u00e9nero presentando casos t\u00e9cnicamente veros\u00edmiles y mujeres protagonistas. Con sus estudios de leyes frustrados por las convenciones de su tiempo, se emancip\u00f3 gracias a su obra. Esta es la primera traducci\u00f3n de <em>The circular study<\/em> al castellano.<\/p>\n\n\n\n<div class=\"wp-block-buttons is-content-justification-space-between is-layout-flex wp-container-core-buttons-is-layout-e1f24697 wp-block-buttons-is-layout-flex\">\n<div class=\"wp-block-button is-style-outline is-style-outline--4\"><a class=\"wp-block-button__link wp-element-button\" href=\"https:\/\/www.kalei.cl\/?p=124\">leer m\u00e1s<\/a><\/div>\n<\/div>\n\n\n\n<p><\/p>\n<\/div><\/div>\n\n\n<div class=\"wp-block-image is-resized\">\n<figure class=\"aligncenter size-medium\"><a href=\"https:\/\/www.kalei.cl\/?p=46\"><img loading=\"lazy\" decoding=\"async\" width=\"195\" height=\"300\" src=\"https:\/\/www.kalei.cl\/wp-content\/uploads\/2020\/12\/pasajero2020_portada_muestra_2500px-195x300.jpg\" alt=\"\" class=\"wp-image-38\" srcset=\"https:\/\/www.kalei.cl\/wp-content\/uploads\/2020\/12\/pasajero2020_portada_muestra_2500px-195x300.jpg 195w, https:\/\/www.kalei.cl\/wp-content\/uploads\/2020\/12\/pasajero2020_portada_muestra_2500px-666x1024.jpg 666w, https:\/\/www.kalei.cl\/wp-content\/uploads\/2020\/12\/pasajero2020_portada_muestra_2500px-768x1180.jpg 768w, https:\/\/www.kalei.cl\/wp-content\/uploads\/2020\/12\/pasajero2020_portada_muestra_2500px-1000x1536.jpg 1000w, https:\/\/www.kalei.cl\/wp-content\/uploads\/2020\/12\/pasajero2020_portada_muestra_2500px-1333x2048.jpg 1333w, https:\/\/www.kalei.cl\/wp-content\/uploads\/2020\/12\/pasajero2020_portada_muestra_2500px.jpg 1627w\" sizes=\"auto, (max-width: 195px) 100vw, 195px\" \/><\/a><\/figure>\n<\/div>\n\n\n<div class=\"wp-block-group\"><div class=\"wp-block-group__inner-container is-layout-flow wp-block-group-is-layout-flow\">\n<h3 class=\"wp-block-heading\">El pasajero de la muerte<br>Ren\u00e9 Vergara<\/h3>\n\n\n\n<p>Primera entrega de la colecci\u00f3n de relatos y novelas cortas de Ren\u00e9 Vergara, publicadas por primera vez en los a\u00f1os 1950 y que como editorial estamos rescatando. En esta edici\u00f3n, adem\u00e1s, revivimos la est\u00e9tica de la prensa \u00abamarilla\u00bb de la \u00e9poca, con ilustraciones y publicidades originales rescatadas de peri\u00f3dicos y revistas.<\/p>\n\n\n\n<div class=\"wp-block-button is-style-outline is-style-outline--5\"><a class=\"wp-block-button__link wp-element-button\" href=\"https:\/\/www.kalei.cl\/?p=46\">Leer m\u00e1s<\/a><\/div>\n<\/div><\/div>\n\n\n\n<div class=\"wp-block-group\"><div class=\"wp-block-group__inner-container is-layout-flow wp-block-group-is-layout-flow\"><div class=\"wp-block-image is-resized\">\n<figure class=\"aligncenter size-medium\"><a href=\"https:\/\/www.kalei.cl\/?p=59\"><img loading=\"lazy\" decoding=\"async\" width=\"194\" height=\"300\" src=\"https:\/\/www.kalei.cl\/wp-content\/uploads\/2020\/12\/kalei_bon_muestra_portada_60-194x300.jpg\" alt=\"\" class=\"wp-image-58\" srcset=\"https:\/\/www.kalei.cl\/wp-content\/uploads\/2020\/12\/kalei_bon_muestra_portada_60-194x300.jpg 194w, https:\/\/www.kalei.cl\/wp-content\/uploads\/2020\/12\/kalei_bon_muestra_portada_60.jpg 390w\" sizes=\"auto, (max-width: 194px) 100vw, 194px\" \/><\/a><\/figure>\n<\/div>\n\n\n<h3 class=\"wp-block-heading\">La otra cara del crimen: el caso de Alicia Bon<br>Ren\u00e9 Vergara<\/h3>\n\n\n\n<p>Un recordado caso criminal ocurrido en los a\u00f1os 1940: en un descampado, la joven Alicia Bon muere de un disparo al interior del auto de su pretendiente mucho mayor, el doctor Guy Pelissier. Femicidio, asalto, drama social, impericia de las autoridades: este <em>true crime<\/em> nos deja juzgar su \u00e9poca.<\/p>\n\n\n\n<div class=\"wp-block-button is-style-outline is-style-outline--6\"><a class=\"wp-block-button__link wp-element-button\" href=\"https:\/\/www.kalei.cl\/?p=59\">Leer m\u00e1s<\/a><\/div>\n<\/div><\/div>\n<\/div>\n<\/div>\n\n\n<div class=\"wp-block-image\">\n<figure class=\"aligncenter size-large\"><img loading=\"lazy\" decoding=\"async\" width=\"1024\" height=\"423\" src=\"https:\/\/www.kalei.cl\/wp-content\/uploads\/2020\/12\/rvergarax3_1024.jpg\" alt=\"\" class=\"wp-image-79\" srcset=\"https:\/\/www.kalei.cl\/wp-content\/uploads\/2020\/12\/rvergarax3_1024.jpg 1024w, https:\/\/www.kalei.cl\/wp-content\/uploads\/2020\/12\/rvergarax3_1024-300x124.jpg 300w, https:\/\/www.kalei.cl\/wp-content\/uploads\/2020\/12\/rvergarax3_1024-768x317.jpg 768w\" sizes=\"auto, (max-width: 1024px) 100vw, 1024px\" \/><\/figure>\n<\/div>\n\n\n<div class=\"wp-block-group alignwide\"><div class=\"wp-block-group__inner-container is-layout-flow wp-block-group-is-layout-flow\">\n<h2 class=\"wp-block-heading has-text-align-center has-accent-color has-text-color\">Navidad 2023 y verano 2024<\/h2>\n\n\n\n<p><\/p>\n<\/div><\/div>\n\n\n\n<p>El detective escritor o el escritor detective. As\u00ed se puede resumir la figura de Ren\u00e9 Vergara (Santiago, 1916-1981), conocido por haber fundado la Brigada de Homicidios de la Polic\u00eda de Investigaciones y, luego, por haber abandonado la instituci\u00f3n donde trabaj\u00f3 treinta a\u00f1os \u2013dicen que por conflictos pol\u00edticos\u2013 y dedicarse de lleno a la escritura.<\/p>\n\n\n\n<p>Adem\u00e1s de sus m\u00faltiples colaboraciones para la prensa, public\u00f3 ocho libros, entre novelas y cuentos, que durante d\u00e9cadas estuvieron entre las preferidas por los lectores nacionales, protagonizados en su mayor\u00eda por su personaje y alter ego, el inspector Carlos \u00abMono\u00bb Cort\u00e9s.<\/p>\n\n\n\n<p>Llevamos publicados cinco t\u00edtulos que conforman esta colecci\u00f3n especial de K\u00e1lei Editora y con la que invitamos a redescubrir la figura de Ren\u00e9 Vergara, un cl\u00e1sico de la literatura policial chilena del siglo veinte. Son dos novelas, <em>La otra cara del crimen<\/em> y <em>Qu\u00e9 sombra m\u00e1s larga tiene este gato<\/em>; el primer tomo de cuentos <em>El pasajero de la muerte y otros relatos<\/em>; <em>Ars\u00e8ne Lupin es chileno<\/em>, ocho episodios de la vida de Arturo Gonz\u00e1lez Olave, estafador que se dedic\u00f3 a quitarles parte de sus bienes a los ricos y poderosos del mundo; <em>El decapitado de Quillota<\/em>, plaquette con un cuento y la cr\u00f3nica novelada de un crimen de gran connotaci\u00f3n social. <\/p>\n\n\n\n<div class=\"wp-block-group alignwide has-background\" style=\"background-color:#ffffff\"><div class=\"wp-block-group__inner-container is-layout-flow wp-block-group-is-layout-flow\">\n<div class=\"wp-block-group\"><div class=\"wp-block-group__inner-container is-layout-flow wp-block-group-is-layout-flow\">\n<h2 class=\"wp-block-heading has-text-align-center\">\u00a1Son cinco libros a $43.000!<\/h2>\n\n\n\n<p class=\"has-text-align-center\"><\/p>\n\n\n\n<div class=\"wp-block-button aligncenter\"><a class=\"wp-block-button__link wp-element-button\" href=\"https:\/\/www.kalei.cl\/?page_id=8\">los quiero<\/a><\/div>\n<\/div><\/div>\n<\/div><\/div>\n\n\n\n<figure class=\"wp-block-gallery alignwide has-nested-images columns-default is-cropped wp-block-gallery-7 is-layout-flex wp-block-gallery-is-layout-flex\"><\/figure>\n","protected":false},"excerpt":{"rendered":"<p>Publicamos novela negra y detectivesca. Creemos en libros bellos y asequibles. Ars\u00e8ne Lupin es chilenoRen\u00e9 Vergara Les vendi\u00f3 la Quinta<\/p>\n<p><a href=\"https:\/\/www.kalei.cl\/\" class=\"more-link\">Seguir leyendo<span class=\"screen-reader-text\">Novela negra y detectivesca, libros bellos y asequibles<\/span><\/a><\/p>\n","protected":false},"author":1,"featured_media":0,"parent":0,"menu_order":0,"comment_status":"closed","ping_status":"closed","template":"","meta":{"footnotes":""},"class_list":["post-6","page","type-page","status-publish","hentry"],"_links":{"self":[{"href":"https:\/\/www.kalei.cl\/index.php?rest_route=\/wp\/v2\/pages\/6","targetHints":{"allow":["GET"]}}],"collection":[{"href":"https:\/\/www.kalei.cl\/index.php?rest_route=\/wp\/v2\/pages"}],"about":[{"href":"https:\/\/www.kalei.cl\/index.php?rest_route=\/wp\/v2\/types\/page"}],"author":[{"embeddable":true,"href":"https:\/\/www.kalei.cl\/index.php?rest_route=\/wp\/v2\/users\/1"}],"replies":[{"embeddable":true,"href":"https:\/\/www.kalei.cl\/index.php?rest_route=%2Fwp%2Fv2%2Fcomments&post=6"}],"version-history":[{"count":32,"href":"https:\/\/www.kalei.cl\/index.php?rest_route=\/wp\/v2\/pages\/6\/revisions"}],"predecessor-version":[{"id":166,"href":"https:\/\/www.kalei.cl\/index.php?rest_route=\/wp\/v2\/pages\/6\/revisions\/166"}],"wp:attachment":[{"href":"https:\/\/www.kalei.cl\/index.php?rest_route=%2Fwp%2Fv2%2Fmedia&parent=6"}],"curies":[{"name":"wp","href":"https:\/\/api.w.org\/{rel}","templated":true}]}}