{"id":7,"date":"2020-12-17T07:12:38","date_gmt":"2020-12-17T07:12:38","guid":{"rendered":"https:\/\/www.kalei.cl\/?page_id=7"},"modified":"2020-12-17T20:27:49","modified_gmt":"2020-12-17T20:27:49","slug":"acerca-de","status":"publish","type":"page","link":"https:\/\/www.kalei.cl\/?page_id=7","title":{"rendered":"\u00bfQu\u00e9 hace K\u00e1lei?"},"content":{"rendered":"\n<p>Como editores, nos pusimos la misi\u00f3n de rescatar autores de literatura detectivesca y de novela negra. Nuestro primer autor fue Ren\u00e9 Vergara, con su personaje \u00abMono\u00bb Cort\u00e9s, inspector de la Brigada de Homicidios.<\/p>\n\n\n\n<p>Este a\u00f1o tenemos la alegr\u00eda de publicar Acelerante, novela negra muy conectada con los procesos que Chile est\u00e1 viviendo.<\/p>\n\n\n\n<p>Como tenemos curiosidad, hemos recopilado much\u00edsimo material gr\u00e1fico de entre 1890 y 1970 y pensamos, \u00bfpor qu\u00e9 no publicarlo tambi\u00e9n? Un plano o una publicidad es casi tan disfrutable como un libro.<\/p>\n","protected":false},"excerpt":{"rendered":"<p>Como editores, nos pusimos la misi\u00f3n de rescatar autores de literatura detectivesca y de novela negra. Nuestro primer autor fue<\/p>\n<p><a href=\"https:\/\/www.kalei.cl\/?page_id=7\" class=\"more-link\">Seguir leyendo<span class=\"screen-reader-text\">\u00bfQu\u00e9 hace K\u00e1lei?<\/span><\/a><\/p>\n","protected":false},"author":1,"featured_media":0,"parent":0,"menu_order":0,"comment_status":"closed","ping_status":"closed","template":"","meta":{"footnotes":""},"class_list":["post-7","page","type-page","status-publish","hentry"],"_links":{"self":[{"href":"https:\/\/www.kalei.cl\/index.php?rest_route=\/wp\/v2\/pages\/7","targetHints":{"allow":["GET"]}}],"collection":[{"href":"https:\/\/www.kalei.cl\/index.php?rest_route=\/wp\/v2\/pages"}],"about":[{"href":"https:\/\/www.kalei.cl\/index.php?rest_route=\/wp\/v2\/types\/page"}],"author":[{"embeddable":true,"href":"https:\/\/www.kalei.cl\/index.php?rest_route=\/wp\/v2\/users\/1"}],"replies":[{"embeddable":true,"href":"https:\/\/www.kalei.cl\/index.php?rest_route=%2Fwp%2Fv2%2Fcomments&post=7"}],"version-history":[{"count":4,"href":"https:\/\/www.kalei.cl\/index.php?rest_route=\/wp\/v2\/pages\/7\/revisions"}],"predecessor-version":[{"id":65,"href":"https:\/\/www.kalei.cl\/index.php?rest_route=\/wp\/v2\/pages\/7\/revisions\/65"}],"wp:attachment":[{"href":"https:\/\/www.kalei.cl\/index.php?rest_route=%2Fwp%2Fv2%2Fmedia&parent=7"}],"curies":[{"name":"wp","href":"https:\/\/api.w.org\/{rel}","templated":true}]}}